{"id":102,"date":"2024-04-24T13:45:13","date_gmt":"2024-04-24T13:45:13","guid":{"rendered":"https:\/\/www.vitaliumas.pl\/wordpress\/?page_id=102"},"modified":"2024-04-28T09:49:42","modified_gmt":"2024-04-28T09:49:42","slug":"procedury-sanitarne","status":"publish","type":"page","link":"https:\/\/www.vitaliumas.pl\/index.php\/procedury-sanitarne\/","title":{"rendered":"Procedury Sanitarne"},"content":{"rendered":"\t\t<div data-elementor-type=\"wp-page\" data-elementor-id=\"102\" class=\"elementor elementor-102\">\n\t\t\t\t<div class=\"elementor-element elementor-element-f1ab941 e-flex e-con-boxed e-con e-parent\" data-id=\"f1ab941\" data-element_type=\"container\">\n\t\t\t\t\t<div class=\"e-con-inner\">\n\t\t\t\t<div class=\"elementor-element elementor-element-a42f911 elementor-widget elementor-widget-spacer\" data-id=\"a42f911\" data-element_type=\"widget\" data-widget_type=\"spacer.default\">\n\t\t\t\t<div class=\"elementor-widget-container\">\n\t\t\t<style>\/*! elementor - v3.21.0 - 08-05-2024 *\/\n.elementor-column .elementor-spacer-inner{height:var(--spacer-size)}.e-con{--container-widget-width:100%}.e-con-inner>.elementor-widget-spacer,.e-con>.elementor-widget-spacer{width:var(--container-widget-width,var(--spacer-size));--align-self:var(--container-widget-align-self,initial);--flex-shrink:0}.e-con-inner>.elementor-widget-spacer>.elementor-widget-container,.e-con>.elementor-widget-spacer>.elementor-widget-container{height:100%;width:100%}.e-con-inner>.elementor-widget-spacer>.elementor-widget-container>.elementor-spacer,.e-con>.elementor-widget-spacer>.elementor-widget-container>.elementor-spacer{height:100%}.e-con-inner>.elementor-widget-spacer>.elementor-widget-container>.elementor-spacer>.elementor-spacer-inner,.e-con>.elementor-widget-spacer>.elementor-widget-container>.elementor-spacer>.elementor-spacer-inner{height:var(--container-widget-height,var(--spacer-size))}.e-con-inner>.elementor-widget-spacer.elementor-widget-empty,.e-con>.elementor-widget-spacer.elementor-widget-empty{position:relative;min-height:22px;min-width:22px}.e-con-inner>.elementor-widget-spacer.elementor-widget-empty .elementor-widget-empty-icon,.e-con>.elementor-widget-spacer.elementor-widget-empty .elementor-widget-empty-icon{position:absolute;top:0;bottom:0;left:0;right:0;margin:auto;padding:0;width:22px;height:22px}<\/style>\t\t<div class=\"elementor-spacer\">\n\t\t\t<div class=\"elementor-spacer-inner\"><\/div>\n\t\t<\/div>\n\t\t\t\t<\/div>\n\t\t\t\t<\/div>\n\t\t\t\t\t<\/div>\n\t\t\t\t<\/div>\n\t\t<div class=\"elementor-element elementor-element-6be386f e-flex e-con-boxed e-con e-parent\" data-id=\"6be386f\" data-element_type=\"container\">\n\t\t\t\t\t<div class=\"e-con-inner\">\n\t\t\t\t<div class=\"elementor-element elementor-element-009af45 elementor-widget elementor-widget-text-editor\" data-id=\"009af45\" data-element_type=\"widget\" data-widget_type=\"text-editor.default\">\n\t\t\t\t<div class=\"elementor-widget-container\">\n\t\t\t<style>\/*! elementor - v3.21.0 - 08-05-2024 *\/\n.elementor-widget-text-editor.elementor-drop-cap-view-stacked .elementor-drop-cap{background-color:#69727d;color:#fff}.elementor-widget-text-editor.elementor-drop-cap-view-framed .elementor-drop-cap{color:#69727d;border:3px solid;background-color:transparent}.elementor-widget-text-editor:not(.elementor-drop-cap-view-default) .elementor-drop-cap{margin-top:8px}.elementor-widget-text-editor:not(.elementor-drop-cap-view-default) .elementor-drop-cap-letter{width:1em;height:1em}.elementor-widget-text-editor .elementor-drop-cap{float:left;text-align:center;line-height:1;font-size:50px}.elementor-widget-text-editor .elementor-drop-cap-letter{display:inline-block}<\/style>\t\t\t\t<h1>Procedury sanitarne<\/h1>\n<h3>Procedury Sanitarne obowi\u0105zuj\u0105ce podczas Pandemii<\/h3>\n<p>Wszystkie wizyty b\u0119d\u0105 potwierdzane telefonicznie przez recepcj\u0119. Podczas rozmowy z opiekunem pacjenta b\u0119dzie przeprowadzany kr\u00f3tki wywiad epidemiologiczny.<\/p>\n<p>Prosimy o punktualne stawianie si\u0119 na wyznaczone godziny wizyt. Prosimy nie przychodzi\u0107 przed ustalonym czasem.<\/p>\n<p>Pacjent\u00f3w zg\u0142aszaj\u0105cych si\u0119 do Kliniki obowi\u0105zuje \u2012 zgodnie z decyzj\u0105 Ministerstwa Zdrowia z dnia 9 kwietnia 2020 r. \u2012 zastosowanie \u015brodk\u00f3w ochrony osobistej, tj. w\u0142asnych maseczek przykrywaj\u0105cych usta oraz nos.<\/p>\n<p>&nbsp;Pacjentom poni\u017cej 18 r.\u017c. mo\u017ce towarzyszy\u0107 tylko jeden rodzic lub opiekun prawny.<\/p>\n<p>Informujemy, \u017ce do Kliniki b\u0119d\u0105 przyjmowani tylko pacjenci w dobrym stanie zdrowia, bez objaw\u00f3w sugeruj\u0105cych zaka\u017cenie wirusem COVID-19 (tj. duszno\u015b\u0107, kaszel, podwy\u017cszona temperatura cia\u0142a, katar, b\u00f3l g\u0142owy, zaburzenia w\u0119chu, smaku).<\/p>\n<p>Ka\u017cdy pacjent przed wej\u015bciem do gabinetu lekarskiego b\u0119dzie poddany bezdotykowemu pomiarowi temperatury cia\u0142a, nast\u0119pnie b\u0119dzie zobowi\u0105zany do dezynfekcji r\u0105k w wyznaczonym do tego stanowisku oraz do wype\u0142nienia o\u015bwiadczenia dotycz\u0105cego obecnego stanu zdrowia i ewentualnego kontaktu z osob\u0105 zaka\u017con\u0105 wirusem COVID-19 lub podejrzan\u0105 o zaka\u017cenie, a tak\u017ce do podpisania \u015bwiadomej zgody na zabieg medyczny w okresie epidemii.<\/p>\n<p>Prosimy o ograniczenie ilo\u015bci rzeczy osobistych i ozd\u00f3b (apaszek, bi\u017cuterii, zegark\u00f3w itp.).<\/p>\t\t\t\t\t\t<\/div>\n\t\t\t\t<\/div>\n\t\t\t\t\t<\/div>\n\t\t\t\t<\/div>\n\t\t\t\t<\/div>\n\t\t","protected":false},"excerpt":{"rendered":"<p>Procedury sanitarne Procedury Sanitarne obowi\u0105zuj\u0105ce podczas Pandemii Wszystkie wizyty b\u0119d\u0105 potwierdzane telefonicznie przez recepcj\u0119. Podczas rozmowy z opiekunem pacjenta b\u0119dzie [&hellip;]<\/p>\n","protected":false},"author":1,"featured_media":0,"parent":0,"menu_order":0,"comment_status":"closed","ping_status":"closed","template":"","meta":{"site-sidebar-layout":"no-sidebar","site-content-layout":"","ast-site-content-layout":"full-width-container","site-content-style":"default","site-sidebar-style":"default","ast-global-header-display":"","ast-banner-title-visibility":"","ast-main-header-display":"","ast-hfb-above-header-display":"","ast-hfb-below-header-display":"","ast-hfb-mobile-header-display":"","site-post-title":"disabled","ast-breadcrumbs-content":"","ast-featured-img":"disabled","footer-sml-layout":"","theme-transparent-header-meta":"","adv-header-id-meta":"","stick-header-meta":"","header-above-stick-meta":"","header-main-stick-meta":"","header-below-stick-meta":"","astra-migrate-meta-layouts":"default","ast-page-background-enabled":"default","ast-page-background-meta":{"desktop":{"background-color":"var(--ast-global-color-4)","background-image":"","background-repeat":"repeat","background-position":"center center","background-size":"auto","background-attachment":"scroll","background-type":"","background-media":"","overlay-type":"","overlay-color":"","overlay-gradient":""},"tablet":{"background-color":"","background-image":"","background-repeat":"repeat","background-position":"center center","background-size":"auto","background-attachment":"scroll","background-type":"","background-media":"","overlay-type":"","overlay-color":"","overlay-gradient":""},"mobile":{"background-color":"","background-image":"","background-repeat":"repeat","background-position":"center center","background-size":"auto","background-attachment":"scroll","background-type":"","background-media":"","overlay-type":"","overlay-color":"","overlay-gradient":""}},"ast-content-background-meta":{"desktop":{"background-color":"var(--ast-global-color-5)","background-image":"","background-repeat":"repeat","background-position":"center center","background-size":"auto","background-attachment":"scroll","background-type":"","background-media":"","overlay-type":"","overlay-color":"","overlay-gradient":""},"tablet":{"background-color":"var(--ast-global-color-5)","background-image":"","background-repeat":"repeat","background-position":"center center","background-size":"auto","background-attachment":"scroll","background-type":"","background-media":"","overlay-type":"","overlay-color":"","overlay-gradient":""},"mobile":{"background-color":"var(--ast-global-color-5)","background-image":"","background-repeat":"repeat","background-position":"center center","background-size":"auto","background-attachment":"scroll","background-type":"","background-media":"","overlay-type":"","overlay-color":"","overlay-gradient":""}},"footnotes":""},"_links":{"self":[{"href":"https:\/\/www.vitaliumas.pl\/index.php\/wp-json\/wp\/v2\/pages\/102"}],"collection":[{"href":"https:\/\/www.vitaliumas.pl\/index.php\/wp-json\/wp\/v2\/pages"}],"about":[{"href":"https:\/\/www.vitaliumas.pl\/index.php\/wp-json\/wp\/v2\/types\/page"}],"author":[{"embeddable":true,"href":"https:\/\/www.vitaliumas.pl\/index.php\/wp-json\/wp\/v2\/users\/1"}],"replies":[{"embeddable":true,"href":"https:\/\/www.vitaliumas.pl\/index.php\/wp-json\/wp\/v2\/comments?post=102"}],"version-history":[{"count":7,"href":"https:\/\/www.vitaliumas.pl\/index.php\/wp-json\/wp\/v2\/pages\/102\/revisions"}],"predecessor-version":[{"id":158,"href":"https:\/\/www.vitaliumas.pl\/index.php\/wp-json\/wp\/v2\/pages\/102\/revisions\/158"}],"wp:attachment":[{"href":"https:\/\/www.vitaliumas.pl\/index.php\/wp-json\/wp\/v2\/media?parent=102"}],"curies":[{"name":"wp","href":"https:\/\/api.w.org\/{rel}","templated":true}]}}