{"id":104,"date":"2024-04-24T13:45:32","date_gmt":"2024-04-24T13:45:32","guid":{"rendered":"https:\/\/www.vitaliumas.pl\/wordpress\/?page_id=104"},"modified":"2024-04-28T10:37:42","modified_gmt":"2024-04-28T10:37:42","slug":"stomatologia","status":"publish","type":"page","link":"https:\/\/www.vitaliumas.pl\/index.php\/stomatologia\/","title":{"rendered":"Stomatologia"},"content":{"rendered":"\t\t<div data-elementor-type=\"wp-page\" data-elementor-id=\"104\" class=\"elementor elementor-104\">\n\t\t\t\t<div class=\"elementor-element elementor-element-82fc07c e-flex e-con-boxed e-con e-parent\" data-id=\"82fc07c\" data-element_type=\"container\">\n\t\t\t\t\t<div class=\"e-con-inner\">\n\t\t\t\t<div class=\"elementor-element elementor-element-15e0339 elementor-widget elementor-widget-spacer\" data-id=\"15e0339\" data-element_type=\"widget\" data-widget_type=\"spacer.default\">\n\t\t\t\t<div class=\"elementor-widget-container\">\n\t\t\t<style>\/*! elementor - v3.21.0 - 08-05-2024 *\/\n.elementor-column .elementor-spacer-inner{height:var(--spacer-size)}.e-con{--container-widget-width:100%}.e-con-inner>.elementor-widget-spacer,.e-con>.elementor-widget-spacer{width:var(--container-widget-width,var(--spacer-size));--align-self:var(--container-widget-align-self,initial);--flex-shrink:0}.e-con-inner>.elementor-widget-spacer>.elementor-widget-container,.e-con>.elementor-widget-spacer>.elementor-widget-container{height:100%;width:100%}.e-con-inner>.elementor-widget-spacer>.elementor-widget-container>.elementor-spacer,.e-con>.elementor-widget-spacer>.elementor-widget-container>.elementor-spacer{height:100%}.e-con-inner>.elementor-widget-spacer>.elementor-widget-container>.elementor-spacer>.elementor-spacer-inner,.e-con>.elementor-widget-spacer>.elementor-widget-container>.elementor-spacer>.elementor-spacer-inner{height:var(--container-widget-height,var(--spacer-size))}.e-con-inner>.elementor-widget-spacer.elementor-widget-empty,.e-con>.elementor-widget-spacer.elementor-widget-empty{position:relative;min-height:22px;min-width:22px}.e-con-inner>.elementor-widget-spacer.elementor-widget-empty .elementor-widget-empty-icon,.e-con>.elementor-widget-spacer.elementor-widget-empty .elementor-widget-empty-icon{position:absolute;top:0;bottom:0;left:0;right:0;margin:auto;padding:0;width:22px;height:22px}<\/style>\t\t<div class=\"elementor-spacer\">\n\t\t\t<div class=\"elementor-spacer-inner\"><\/div>\n\t\t<\/div>\n\t\t\t\t<\/div>\n\t\t\t\t<\/div>\n\t\t\t\t\t<\/div>\n\t\t\t\t<\/div>\n\t\t<div class=\"elementor-element elementor-element-b4cea91 e-flex e-con-boxed e-con e-parent\" data-id=\"b4cea91\" data-element_type=\"container\">\n\t\t\t\t\t<div class=\"e-con-inner\">\n\t\t\t\t<div class=\"elementor-element elementor-element-568b076 elementor-widget elementor-widget-heading\" data-id=\"568b076\" data-element_type=\"widget\" data-widget_type=\"heading.default\">\n\t\t\t\t<div class=\"elementor-widget-container\">\n\t\t\t<style>\/*! elementor - v3.21.0 - 08-05-2024 *\/\n.elementor-heading-title{padding:0;margin:0;line-height:1}.elementor-widget-heading .elementor-heading-title[class*=elementor-size-]>a{color:inherit;font-size:inherit;line-height:inherit}.elementor-widget-heading .elementor-heading-title.elementor-size-small{font-size:15px}.elementor-widget-heading .elementor-heading-title.elementor-size-medium{font-size:19px}.elementor-widget-heading .elementor-heading-title.elementor-size-large{font-size:29px}.elementor-widget-heading .elementor-heading-title.elementor-size-xl{font-size:39px}.elementor-widget-heading .elementor-heading-title.elementor-size-xxl{font-size:59px}<\/style><h1 class=\"elementor-heading-title elementor-size-default\">Gabinet dentystyczny<\/h1>\t\t<\/div>\n\t\t\t\t<\/div>\n\t\t\t\t\t<\/div>\n\t\t\t\t<\/div>\n\t\t<div class=\"elementor-element elementor-element-b1e5d8a e-flex e-con-boxed e-con e-parent\" data-id=\"b1e5d8a\" data-element_type=\"container\">\n\t\t\t\t\t<div class=\"e-con-inner\">\n\t\t\t\t<div class=\"elementor-element elementor-element-b31d4de elementor-widget elementor-widget-heading\" data-id=\"b31d4de\" data-element_type=\"widget\" data-widget_type=\"heading.default\">\n\t\t\t\t<div class=\"elementor-widget-container\">\n\t\t\t<h2 class=\"elementor-heading-title elementor-size-default\">Chirurgia<\/h2>\t\t<\/div>\n\t\t\t\t<\/div>\n\t\t\t\t\t<\/div>\n\t\t\t\t<\/div>\n\t\t<div class=\"elementor-element elementor-element-8720acb e-flex e-con-boxed e-con e-parent\" data-id=\"8720acb\" data-element_type=\"container\">\n\t\t\t\t\t<div class=\"e-con-inner\">\n\t\t\t\t<div class=\"elementor-element elementor-element-d7d9786 elementor-widget elementor-widget-text-editor\" data-id=\"d7d9786\" data-element_type=\"widget\" data-widget_type=\"text-editor.default\">\n\t\t\t\t<div class=\"elementor-widget-container\">\n\t\t\t<style>\/*! elementor - v3.21.0 - 08-05-2024 *\/\n.elementor-widget-text-editor.elementor-drop-cap-view-stacked .elementor-drop-cap{background-color:#69727d;color:#fff}.elementor-widget-text-editor.elementor-drop-cap-view-framed .elementor-drop-cap{color:#69727d;border:3px solid;background-color:transparent}.elementor-widget-text-editor:not(.elementor-drop-cap-view-default) .elementor-drop-cap{margin-top:8px}.elementor-widget-text-editor:not(.elementor-drop-cap-view-default) .elementor-drop-cap-letter{width:1em;height:1em}.elementor-widget-text-editor .elementor-drop-cap{float:left;text-align:center;line-height:1;font-size:50px}.elementor-widget-text-editor .elementor-drop-cap-letter{display:inline-block}<\/style>\t\t\t\t<p>W naszym centrum najwi\u0119cej zabieg\u00f3w z chirurgii stomatologicznej to chirurgia dla potrzeb ortodontycznych, czyli ods\u0142anianie k\u0142\u00f3w zatrzymanych, ekstrakcja z\u0119b\u00f3w zatrzymanych i z\u0119b\u00f3w dodatkowych oraz chirurgia tkanek mi\u0119kkich tj. plastyka w\u0119dzide\u0142ek, pokrycie recesji dzi\u0105s\u0142owych.<\/p><p>Dzi\u0119ki aparatowi do piezo chirurgii wykonujemy kortykotomie ko\u015bci wyrostka z\u0119bodo\u0142owego przy\u015bpieszaj\u0105ce leczenie ortodontyczne.<\/p><p>Obecnie po standardowym zabiegu ekstrakcji (usuni\u0119ciu) z\u0119ba staramy si\u0119, aby w procesie gojenia nie ubywa\u0142o tkanki kostnej i dzi\u0105s\u0142owej, dlatego zalecana jest tzw. Augmentacja ko\u015bci wyrostka z\u0119bodo\u0142owego (GBR). Polega to na uzupe\u0142nieniu tkank\u0105 kostn\u0105 miejsca po usuni\u0119tym z\u0119bie. S\u0142u\u017c\u0105 do tego bio materia\u0142y pochodzenia odzwierz\u0119cego lub w\u0142asny, zmielony z\u0105b. W ten spos\u00f3b pacjent zyskuje optymalne warunki do dalszego leczenia protetycznego lub implantologicznego.<\/p><p>\u00a0<\/p>\t\t\t\t\t\t<\/div>\n\t\t\t\t<\/div>\n\t\t\t\t\t<\/div>\n\t\t\t\t<\/div>\n\t\t<div class=\"elementor-element elementor-element-18ae5b5 e-flex e-con-boxed e-con e-parent\" data-id=\"18ae5b5\" data-element_type=\"container\">\n\t\t\t\t\t<div class=\"e-con-inner\">\n\t\t\t\t<div class=\"elementor-element elementor-element-47de60a elementor-widget elementor-widget-heading\" data-id=\"47de60a\" data-element_type=\"widget\" data-widget_type=\"heading.default\">\n\t\t\t\t<div class=\"elementor-widget-container\">\n\t\t\t<h2 class=\"elementor-heading-title elementor-size-default\">Stomatologia dzieci\u0119ca<\/h2>\t\t<\/div>\n\t\t\t\t<\/div>\n\t\t\t\t\t<\/div>\n\t\t\t\t<\/div>\n\t\t<div class=\"elementor-element elementor-element-4614f34 e-flex e-con-boxed e-con e-parent\" data-id=\"4614f34\" data-element_type=\"container\">\n\t\t\t\t\t<div class=\"e-con-inner\">\n\t\t\t\t<div class=\"elementor-element elementor-element-bb1b993 elementor-widget elementor-widget-text-editor\" data-id=\"bb1b993\" data-element_type=\"widget\" data-widget_type=\"text-editor.default\">\n\t\t\t\t<div class=\"elementor-widget-container\">\n\t\t\t\t\t\t\t<p>Stomatologia dzieci\u0119ca (pedodoncja) jest specjalizacj\u0105 stomatologiczn\u0105 obejmuj\u0105c\u0105 swym dzia\u0142aniem profilaktyk\u0119 i leczenie chor\u00f3b jamy ustnej.<\/p><p>W naszym gabinecie stomatologicznym oferujemy najm\u0142odszym pacjentomom:<\/p><p>Zabiegi profilaktyczne (lakowanie, lakierowanie, fluorkowanie)<br \/>Nauk\u0119 poprawnego szczotkowania z\u0119b\u00f3w i kontrol\u0119 p\u0142ytki naz\u0119bnej<br \/>Leczenie pr\u00f3chnicy z\u0119b\u00f3w mlecznych i sta\u0142ych przy u\u017cyciu najnowszych materia\u0142\u00f3w (w z\u0119bach mlecznych tak\u017ce lubianych przez ma\u0142ych pacjent\u00f3w kolorach)<br \/>Leczenie uraz\u00f3w i zapobieganie im (indywidualne szyny ochronne)<br \/>Leczenie chor\u00f3b b\u0142ony \u015bluzowej i przyz\u0119bia<br \/>Wczesn\u0105 diagnostyk\u0119 wad zgryzu.<br \/>Bardzo wa\u017cne jest dla nas, aby wizyta u stomatologa kojarzy\u0142a si\u0119 dzieciom pozytywnie, a nie ze strachem, b\u00f3lem i p\u0142aczem. Opr\u00f3cz tradycyjnych znieczule\u0144, oferujemy powszechnie stosowan\u0105 w stomatologii i innych dziedzinach medycznych, premedykacj\u0119 przy u\u017cyciu mieszaniny podtlenku azotu i tlenu (tzw. gaz rozweselaj\u0105cy). Metoda ta polega na wprowadzeniu pacjenta w stan odpr\u0119\u017cenia co w efekcie pozwala na bezstresowy przebieg wizyty i wykonanie niezb\u0119dnych zabieg\u00f3w stomatologicznych.<\/p><p>Czasami podtlenek azotu jest jedn\u0105 z mo\u017cliwo\u015bci do wyleczenia pacjent\u00f3w doros\u0142ych i dzieci cierpi\u0105cych na dentofobi\u0119 bez konieczno\u015bci og\u00f3lnego znieczulenia.<\/p><p>K\u0142adziemy tak\u017ce nacisk na jak najwcze\u015bniejsze odwiedzanie gabinetu stomatologicznego przez dzieci i ich rodzic\u00f3w tak aby pierwsza wizyta wypad\u0142a na moment pojawienia si\u0119 pierwszego z\u0119ba i by\u0142a mi\u0142ym, pozbawionym nieprzyjemnych interwencji kontaktem ze stomatologiem. Wizyty adaptacyjne s\u0105 \u017ar\u00f3d\u0142em niezb\u0119dnych informacji dotycz\u0105cych codziennej higieny oraz okazj\u0105 do zaprzyja\u017anienia si\u0119 z nowym miejscem dla ma\u0142ego pacjenta.<\/p><p>Wczesna opieka stomatologiczna dzieci, przy czynnej wsp\u00f3\u0142pracy z rodzicami pozwoli na pozytywne nastawienie do dentysty i zaprocentuje w przysz\u0142o\u015bci.<\/p><p>\u00a0<\/p>\t\t\t\t\t\t<\/div>\n\t\t\t\t<\/div>\n\t\t\t\t\t<\/div>\n\t\t\t\t<\/div>\n\t\t<div class=\"elementor-element elementor-element-5b98760 e-flex e-con-boxed e-con e-parent\" data-id=\"5b98760\" data-element_type=\"container\">\n\t\t\t\t\t<div class=\"e-con-inner\">\n\t\t\t\t<div class=\"elementor-element elementor-element-6835cf8 elementor-widget elementor-widget-heading\" data-id=\"6835cf8\" data-element_type=\"widget\" data-widget_type=\"heading.default\">\n\t\t\t\t<div class=\"elementor-widget-container\">\n\t\t\t<h2 class=\"elementor-heading-title elementor-size-default\">Endodoncja<\/h2>\t\t<\/div>\n\t\t\t\t<\/div>\n\t\t\t\t\t<\/div>\n\t\t\t\t<\/div>\n\t\t<div class=\"elementor-element elementor-element-27ffb17 e-flex e-con-boxed e-con e-parent\" data-id=\"27ffb17\" data-element_type=\"container\">\n\t\t\t\t\t<div class=\"e-con-inner\">\n\t\t\t\t<div class=\"elementor-element elementor-element-edcd17b elementor-widget elementor-widget-text-editor\" data-id=\"edcd17b\" data-element_type=\"widget\" data-widget_type=\"text-editor.default\">\n\t\t\t\t<div class=\"elementor-widget-container\">\n\t\t\t\t\t\t\t<p>Leczenie endodontyczne, potocznie nazywane leczeniem kana\u0142owym jest cz\u0119sto jedynym ratunkiem przed ekstrakcj\u0105 z\u0119ba. Zapalenie, zaka\u017cenie miazgi powodowane g\u0142\u0119bok\u0105 pr\u00f3chnic\u0105, p\u0119kni\u0119ciem lub z\u0142amaniem z\u0119b\u00f3w po urazach jest wskazaniem do leczenia endodontycznego.<\/p><p>Leczenie endodontyczne mo\u017ce prowadzi\u0107 do wyleczenia zmian oko\u0142owierzcho\u0142kowych lecz nie w ka\u017cdym przypadku, w\u00f3wczas aby ratowa\u0107 z\u0105b wykonujemy zabieg chirurgiczny, resekcj\u0119 wierzcho\u0142ka korzenia z\u0119ba, a ubytek w ko\u015bci powsta\u0142y po zmianie zapalnej uzupe\u0142niamy bio materia\u0142em.<\/p><p>Ka\u017cdy pacjent powinien by\u0107 \u015bwiadomy, \u017ce mog\u0105 wyst\u0105pi\u0107 powik\u0142ania zar\u00f3wno podczas leczenia jak i po leczeniu.<\/p><p>Obecnie nowoczesne techniki, jak mikroskopia endodontyczne, endometr umo\u017cliwiaj\u0105cy okre\u015blenie d\u0142ugo\u015bci korzenia, koferdam izoluj\u0105cy z\u0105b przed bakteriami z jamy ustnej, pozwalaj\u0105 nam sprosta\u0107 wielu wyzwaniom.<\/p><p>\u00a0<\/p>\t\t\t\t\t\t<\/div>\n\t\t\t\t<\/div>\n\t\t\t\t\t<\/div>\n\t\t\t\t<\/div>\n\t\t<div class=\"elementor-element elementor-element-ff05880 e-flex e-con-boxed e-con e-parent\" data-id=\"ff05880\" data-element_type=\"container\">\n\t\t\t\t\t<div class=\"e-con-inner\">\n\t\t\t\t<div class=\"elementor-element elementor-element-0166e29 elementor-widget elementor-widget-heading\" data-id=\"0166e29\" data-element_type=\"widget\" data-widget_type=\"heading.default\">\n\t\t\t\t<div class=\"elementor-widget-container\">\n\t\t\t<h2 class=\"elementor-heading-title elementor-size-default\">Implantologia<\/h2>\t\t<\/div>\n\t\t\t\t<\/div>\n\t\t\t\t\t<\/div>\n\t\t\t\t<\/div>\n\t\t<div class=\"elementor-element elementor-element-ce1831b e-flex e-con-boxed e-con e-parent\" data-id=\"ce1831b\" data-element_type=\"container\">\n\t\t\t\t\t<div class=\"e-con-inner\">\n\t\t\t\t<div class=\"elementor-element elementor-element-8421b59 elementor-widget elementor-widget-text-editor\" data-id=\"8421b59\" data-element_type=\"widget\" data-widget_type=\"text-editor.default\">\n\t\t\t\t<div class=\"elementor-widget-container\">\n\t\t\t\t\t\t\t<p>To dziedzina chirurgii, kt\u00f3ra umo\u017cliwia odtworzenie z\u0119ba w \u0142uku z\u0119bowym bez niszczenia z\u0119b\u00f3w s\u0105siednich, umo\u017cliwia r\u00f3wnie\u017c rezygnacj\u0119 z ruchomych uzupe\u0142nie\u0144, przywraca komfort jedzenia pacjentom posiadaj\u0105cym protezy, kt\u00f3re utraci\u0142y kostne utrzymanie.<\/p><div>\u00a0<\/div>\t\t\t\t\t\t<\/div>\n\t\t\t\t<\/div>\n\t\t\t\t\t<\/div>\n\t\t\t\t<\/div>\n\t\t<div class=\"elementor-element elementor-element-5d04a9a e-flex e-con-boxed e-con e-parent\" data-id=\"5d04a9a\" data-element_type=\"container\">\n\t\t\t\t\t<div class=\"e-con-inner\">\n\t\t\t\t<div class=\"elementor-element elementor-element-5a270d7 elementor-widget elementor-widget-heading\" data-id=\"5a270d7\" data-element_type=\"widget\" data-widget_type=\"heading.default\">\n\t\t\t\t<div class=\"elementor-widget-container\">\n\t\t\t<h2 class=\"elementor-heading-title elementor-size-default\">Periodontologia<\/h2>\t\t<\/div>\n\t\t\t\t<\/div>\n\t\t\t\t\t<\/div>\n\t\t\t\t<\/div>\n\t\t<div class=\"elementor-element elementor-element-0d1a726 e-flex e-con-boxed e-con e-parent\" data-id=\"0d1a726\" data-element_type=\"container\">\n\t\t\t\t\t<div class=\"e-con-inner\">\n\t\t\t\t<div class=\"elementor-element elementor-element-a87d6da elementor-widget elementor-widget-text-editor\" data-id=\"a87d6da\" data-element_type=\"widget\" data-widget_type=\"text-editor.default\">\n\t\t\t\t<div class=\"elementor-widget-container\">\n\t\t\t\t\t\t\t<p>W przypadku chor\u00f3b przyz\u0119bia najwa\u017cniejsza jest profilaktyka, czyli w\u0142a\u015bciwa higienizacja!<\/p><p>Nie tylko kamie\u0144 naz\u0119bny mo\u017ce by\u0107 przyczyn\u0105 chor\u00f3b przyz\u0119bia ale r\u00f3wnie\u017c flora bakteryjna oraz czynniki genetyczne. Czynnik\u00f3w genetycznych nie potrafimy zmieni\u0107, ale mo\u017cliwe s\u0105 testy mikrobiologiczne (MIP) kt\u00f3re okre\u015blaj\u0105 jakie bakterie wyst\u0119puj\u0105 u pacjenta, ile ich jest oraz antybiotykowra\u017cliwo\u015b\u0107.<\/p><p>Zastosowanie dezynfekcji periodontologicznej za pomoc\u0105 lasera diodowego( biostymuluj\u0105cego) w spos\u00f3b bezinwazyjny mo\u017ce wspomaga\u0107 b\u0105d\u017a by\u0107 jedynym narz\u0119dziem w leczeniu chor\u00f3b przyz\u0119bia brze\u017cnego. Pokrycie recesji pozwoli na przywr\u00f3cenie funkcjonalno\u015bci i estetyki narz\u0105du \u017cucia.<\/p>\t\t\t\t\t\t<\/div>\n\t\t\t\t<\/div>\n\t\t\t\t\t<\/div>\n\t\t\t\t<\/div>\n\t\t\t\t<\/div>\n\t\t","protected":false},"excerpt":{"rendered":"<p>Gabinet dentystyczny Chirurgia W naszym centrum najwi\u0119cej zabieg\u00f3w z chirurgii stomatologicznej to chirurgia dla potrzeb ortodontycznych, czyli ods\u0142anianie k\u0142\u00f3w zatrzymanych, [&hellip;]<\/p>\n","protected":false},"author":1,"featured_media":0,"parent":0,"menu_order":0,"comment_status":"closed","ping_status":"closed","template":"","meta":{"site-sidebar-layout":"no-sidebar","site-content-layout":"","ast-site-content-layout":"full-width-container","site-content-style":"default","site-sidebar-style":"default","ast-global-header-display":"","ast-banner-title-visibility":"","ast-main-header-display":"","ast-hfb-above-header-display":"","ast-hfb-below-header-display":"","ast-hfb-mobile-header-display":"","site-post-title":"disabled","ast-breadcrumbs-content":"","ast-featured-img":"disabled","footer-sml-layout":"","theme-transparent-header-meta":"","adv-header-id-meta":"","stick-header-meta":"","header-above-stick-meta":"","header-main-stick-meta":"","header-below-stick-meta":"","astra-migrate-meta-layouts":"default","ast-page-background-enabled":"default","ast-page-background-meta":{"desktop":{"background-color":"var(--ast-global-color-4)","background-image":"","background-repeat":"repeat","background-position":"center center","background-size":"auto","background-attachment":"scroll","background-type":"","background-media":"","overlay-type":"","overlay-color":"","overlay-gradient":""},"tablet":{"background-color":"","background-image":"","background-repeat":"repeat","background-position":"center center","background-size":"auto","background-attachment":"scroll","background-type":"","background-media":"","overlay-type":"","overlay-color":"","overlay-gradient":""},"mobile":{"background-color":"","background-image":"","background-repeat":"repeat","background-position":"center center","background-size":"auto","background-attachment":"scroll","background-type":"","background-media":"","overlay-type":"","overlay-color":"","overlay-gradient":""}},"ast-content-background-meta":{"desktop":{"background-color":"var(--ast-global-color-5)","background-image":"","background-repeat":"repeat","background-position":"center center","background-size":"auto","background-attachment":"scroll","background-type":"","background-media":"","overlay-type":"","overlay-color":"","overlay-gradient":""},"tablet":{"background-color":"var(--ast-global-color-5)","background-image":"","background-repeat":"repeat","background-position":"center center","background-size":"auto","background-attachment":"scroll","background-type":"","background-media":"","overlay-type":"","overlay-color":"","overlay-gradient":""},"mobile":{"background-color":"var(--ast-global-color-5)","background-image":"","background-repeat":"repeat","background-position":"center center","background-size":"auto","background-attachment":"scroll","background-type":"","background-media":"","overlay-type":"","overlay-color":"","overlay-gradient":""}},"footnotes":""},"_links":{"self":[{"href":"https:\/\/www.vitaliumas.pl\/index.php\/wp-json\/wp\/v2\/pages\/104"}],"collection":[{"href":"https:\/\/www.vitaliumas.pl\/index.php\/wp-json\/wp\/v2\/pages"}],"about":[{"href":"https:\/\/www.vitaliumas.pl\/index.php\/wp-json\/wp\/v2\/types\/page"}],"author":[{"embeddable":true,"href":"https:\/\/www.vitaliumas.pl\/index.php\/wp-json\/wp\/v2\/users\/1"}],"replies":[{"embeddable":true,"href":"https:\/\/www.vitaliumas.pl\/index.php\/wp-json\/wp\/v2\/comments?post=104"}],"version-history":[{"count":5,"href":"https:\/\/www.vitaliumas.pl\/index.php\/wp-json\/wp\/v2\/pages\/104\/revisions"}],"predecessor-version":[{"id":164,"href":"https:\/\/www.vitaliumas.pl\/index.php\/wp-json\/wp\/v2\/pages\/104\/revisions\/164"}],"wp:attachment":[{"href":"https:\/\/www.vitaliumas.pl\/index.php\/wp-json\/wp\/v2\/media?parent=104"}],"curies":[{"name":"wp","href":"https:\/\/api.w.org\/{rel}","templated":true}]}}